{"id":3255,"date":"2022-06-24T13:48:48","date_gmt":"2022-06-24T11:48:48","guid":{"rendered":"https:\/\/www.neovinum.fr\/?page_id=3255"},"modified":"2022-11-06T21:10:34","modified_gmt":"2022-11-06T20:10:34","slug":"useful-information","status":"publish","type":"page","link":"https:\/\/www.neovinum.fr\/en\/useful-information\/","title":{"rendered":"useful information"},"content":{"rendered":"","protected":false},"excerpt":{"rendered":"","protected":false},"author":1,"featured_media":0,"parent":3249,"menu_order":0,"comment_status":"closed","ping_status":"closed","template":"100-width.php","meta":{"footnotes":""},"class_list":["post-3255","page","type-page","status-publish","hentry"],"yoast_head":"<!-- This site is optimized with the Yoast SEO plugin v18.9 - https:\/\/yoast.com\/wordpress\/plugins\/seo\/ -->\n<title>useful information - N\u00e9ovinum<\/title>\n<meta name=\"description\" content=\"D\u00e9couvrez Neovinum : espace de d\u00e9couverte oenologique des vignerons ard\u00e9chois. Un lieu de rencontres, de d\u00e9couvertes et d&#039;\u00e9v\u00e9nements. %\" \/>\n<meta name=\"robots\" content=\"index, follow, max-snippet:-1, max-image-preview:large, max-video-preview:-1\" \/>\n<link rel=\"canonical\" href=\"https:\/\/www.neovinum.fr\/neovinum-2\/infos-pratiques-neovinum\/\" \/>\n<meta property=\"og:locale\" content=\"en_US\" \/>\n<meta property=\"og:type\" content=\"article\" \/>\n<meta property=\"og:title\" content=\"useful information - N\u00e9ovinum\" \/>\n<meta property=\"og:description\" content=\"D\u00e9couvrez Neovinum : espace de d\u00e9couverte oenologique des vignerons ard\u00e9chois. Un lieu de rencontres, de d\u00e9couvertes et d&#039;\u00e9v\u00e9nements. %\" \/>\n<meta property=\"og:url\" content=\"https:\/\/www.neovinum.fr\/neovinum-2\/infos-pratiques-neovinum\/\" \/>\n<meta property=\"og:site_name\" content=\"N\u00e9ovinum\" \/>\n<meta property=\"article:publisher\" content=\"https:\/\/www.facebook.com\/neovinum\" \/>\n<meta property=\"article:modified_time\" content=\"2022-11-06T20:10:34+00:00\" \/>\n<meta name=\"twitter:card\" content=\"summary_large_image\" \/>\n<script type=\"application\/ld+json\" class=\"yoast-schema-graph\">{\"@context\":\"https:\/\/schema.org\",\"@graph\":[{\"@type\":\"Organization\",\"@id\":\"https:\/\/www.neovinum.fr\/#organization\",\"name\":\"Neovinum\",\"url\":\"https:\/\/www.neovinum.fr\/\",\"sameAs\":[\"https:\/\/www.facebook.com\/neovinum\"],\"logo\":{\"@type\":\"ImageObject\",\"inLanguage\":\"en-US\",\"@id\":\"https:\/\/www.neovinum.fr\/#\/schema\/logo\/image\/\",\"url\":\"https:\/\/www.neovinum.fr\/wp-content\/uploads\/2022\/06\/logo-modifie-v2-300px.png\",\"contentUrl\":\"https:\/\/www.neovinum.fr\/wp-content\/uploads\/2022\/06\/logo-modifie-v2-300px.png\",\"width\":300,\"height\":170,\"caption\":\"Neovinum\"},\"image\":{\"@id\":\"https:\/\/www.neovinum.fr\/#\/schema\/logo\/image\/\"}},{\"@type\":\"WebSite\",\"@id\":\"https:\/\/www.neovinum.fr\/#website\",\"url\":\"https:\/\/www.neovinum.fr\/\",\"name\":\"N\u00e9ovinum\",\"description\":\"Espace de d\u00e9couverte oenologique\",\"publisher\":{\"@id\":\"https:\/\/www.neovinum.fr\/#organization\"},\"potentialAction\":[{\"@type\":\"SearchAction\",\"target\":{\"@type\":\"EntryPoint\",\"urlTemplate\":\"https:\/\/www.neovinum.fr\/?s={search_term_string}\"},\"query-input\":\"required name=search_term_string\"}],\"inLanguage\":\"en-US\"},{\"@type\":\"WebPage\",\"@id\":\"https:\/\/www.neovinum.fr\/neovinum-2\/infos-pratiques-neovinum\/#webpage\",\"url\":\"https:\/\/www.neovinum.fr\/neovinum-2\/infos-pratiques-neovinum\/\",\"name\":\"useful information - N\u00e9ovinum\",\"isPartOf\":{\"@id\":\"https:\/\/www.neovinum.fr\/#website\"},\"datePublished\":\"2022-06-24T11:48:48+00:00\",\"dateModified\":\"2022-11-06T20:10:34+00:00\",\"description\":\"D\u00e9couvrez Neovinum : espace de d\u00e9couverte oenologique des vignerons ard\u00e9chois. Un lieu de rencontres, de d\u00e9couvertes et d'\u00e9v\u00e9nements. %\",\"breadcrumb\":{\"@id\":\"https:\/\/www.neovinum.fr\/neovinum-2\/infos-pratiques-neovinum\/#breadcrumb\"},\"inLanguage\":\"en-US\",\"potentialAction\":[{\"@type\":\"ReadAction\",\"target\":[\"https:\/\/www.neovinum.fr\/neovinum-2\/infos-pratiques-neovinum\/\"]}]},{\"@type\":\"BreadcrumbList\",\"@id\":\"https:\/\/www.neovinum.fr\/neovinum-2\/infos-pratiques-neovinum\/#breadcrumb\",\"itemListElement\":[{\"@type\":\"ListItem\",\"position\":1,\"name\":\"Accueil\",\"item\":\"https:\/\/www.neovinum.fr\/\"},{\"@type\":\"ListItem\",\"position\":2,\"name\":\"N\u00e9ovinum\",\"item\":\"https:\/\/www.neovinum.fr\/\"},{\"@type\":\"ListItem\",\"position\":3,\"name\":\"useful information\"}]}]}<\/script>\n<!-- \/ Yoast SEO plugin. -->","yoast_head_json":{"title":"useful information - N\u00e9ovinum","description":"D\u00e9couvrez Neovinum : espace de d\u00e9couverte oenologique des vignerons ard\u00e9chois. Un lieu de rencontres, de d\u00e9couvertes et d'\u00e9v\u00e9nements. %","robots":{"index":"index","follow":"follow","max-snippet":"max-snippet:-1","max-image-preview":"max-image-preview:large","max-video-preview":"max-video-preview:-1"},"canonical":"https:\/\/www.neovinum.fr\/neovinum-2\/infos-pratiques-neovinum\/","og_locale":"en_US","og_type":"article","og_title":"useful information - N\u00e9ovinum","og_description":"D\u00e9couvrez Neovinum : espace de d\u00e9couverte oenologique des vignerons ard\u00e9chois. Un lieu de rencontres, de d\u00e9couvertes et d'\u00e9v\u00e9nements. %","og_url":"https:\/\/www.neovinum.fr\/neovinum-2\/infos-pratiques-neovinum\/","og_site_name":"N\u00e9ovinum","article_publisher":"https:\/\/www.facebook.com\/neovinum","article_modified_time":"2022-11-06T20:10:34+00:00","twitter_card":"summary_large_image","schema":{"@context":"https:\/\/schema.org","@graph":[{"@type":"Organization","@id":"https:\/\/www.neovinum.fr\/#organization","name":"Neovinum","url":"https:\/\/www.neovinum.fr\/","sameAs":["https:\/\/www.facebook.com\/neovinum"],"logo":{"@type":"ImageObject","inLanguage":"en-US","@id":"https:\/\/www.neovinum.fr\/#\/schema\/logo\/image\/","url":"https:\/\/www.neovinum.fr\/wp-content\/uploads\/2022\/06\/logo-modifie-v2-300px.png","contentUrl":"https:\/\/www.neovinum.fr\/wp-content\/uploads\/2022\/06\/logo-modifie-v2-300px.png","width":300,"height":170,"caption":"Neovinum"},"image":{"@id":"https:\/\/www.neovinum.fr\/#\/schema\/logo\/image\/"}},{"@type":"WebSite","@id":"https:\/\/www.neovinum.fr\/#website","url":"https:\/\/www.neovinum.fr\/","name":"N\u00e9ovinum","description":"Espace de d\u00e9couverte oenologique","publisher":{"@id":"https:\/\/www.neovinum.fr\/#organization"},"potentialAction":[{"@type":"SearchAction","target":{"@type":"EntryPoint","urlTemplate":"https:\/\/www.neovinum.fr\/?s={search_term_string}"},"query-input":"required name=search_term_string"}],"inLanguage":"en-US"},{"@type":"WebPage","@id":"https:\/\/www.neovinum.fr\/neovinum-2\/infos-pratiques-neovinum\/#webpage","url":"https:\/\/www.neovinum.fr\/neovinum-2\/infos-pratiques-neovinum\/","name":"useful information - N\u00e9ovinum","isPartOf":{"@id":"https:\/\/www.neovinum.fr\/#website"},"datePublished":"2022-06-24T11:48:48+00:00","dateModified":"2022-11-06T20:10:34+00:00","description":"D\u00e9couvrez Neovinum : espace de d\u00e9couverte oenologique des vignerons ard\u00e9chois. Un lieu de rencontres, de d\u00e9couvertes et d'\u00e9v\u00e9nements. %","breadcrumb":{"@id":"https:\/\/www.neovinum.fr\/neovinum-2\/infos-pratiques-neovinum\/#breadcrumb"},"inLanguage":"en-US","potentialAction":[{"@type":"ReadAction","target":["https:\/\/www.neovinum.fr\/neovinum-2\/infos-pratiques-neovinum\/"]}]},{"@type":"BreadcrumbList","@id":"https:\/\/www.neovinum.fr\/neovinum-2\/infos-pratiques-neovinum\/#breadcrumb","itemListElement":[{"@type":"ListItem","position":1,"name":"Accueil","item":"https:\/\/www.neovinum.fr\/"},{"@type":"ListItem","position":2,"name":"N\u00e9ovinum","item":"https:\/\/www.neovinum.fr\/"},{"@type":"ListItem","position":3,"name":"useful information"}]}]}},"_links":{"self":[{"href":"https:\/\/www.neovinum.fr\/en\/wp-json\/wp\/v2\/pages\/3255","targetHints":{"allow":["GET"]}}],"collection":[{"href":"https:\/\/www.neovinum.fr\/en\/wp-json\/wp\/v2\/pages"}],"about":[{"href":"https:\/\/www.neovinum.fr\/en\/wp-json\/wp\/v2\/types\/page"}],"author":[{"embeddable":true,"href":"https:\/\/www.neovinum.fr\/en\/wp-json\/wp\/v2\/users\/1"}],"replies":[{"embeddable":true,"href":"https:\/\/www.neovinum.fr\/en\/wp-json\/wp\/v2\/comments?post=3255"}],"version-history":[{"count":3,"href":"https:\/\/www.neovinum.fr\/en\/wp-json\/wp\/v2\/pages\/3255\/revisions"}],"predecessor-version":[{"id":3294,"href":"https:\/\/www.neovinum.fr\/en\/wp-json\/wp\/v2\/pages\/3255\/revisions\/3294"}],"up":[{"embeddable":true,"href":"https:\/\/www.neovinum.fr\/en\/wp-json\/wp\/v2\/pages\/3249"}],"wp:attachment":[{"href":"https:\/\/www.neovinum.fr\/en\/wp-json\/wp\/v2\/media?parent=3255"}],"curies":[{"name":"wp","href":"https:\/\/api.w.org\/{rel}","templated":true}]}}