{"id":3240,"date":"2022-06-24T14:44:26","date_gmt":"2022-06-24T12:44:26","guid":{"rendered":"https:\/\/www.neovinum.fr\/?page_id=3240"},"modified":"2022-11-06T21:09:00","modified_gmt":"2022-11-06T20:09:00","slug":"agenda-et-reservations","status":"publish","type":"page","link":"https:\/\/www.neovinum.fr\/en\/agenda-et-reservations\/","title":{"rendered":"Events &#038; Booking"},"content":{"rendered":"<p><div class=\"fusion-fullwidth fullwidth-box fusion-builder-row-1 fusion-flex-container fusion-parallax-fixed nonhundred-percent-fullwidth non-hundred-percent-height-scrolling lazyload\" style=\"background-color: var(--awb-color1);background-image:linear-gradient(180deg, rgba(0,0,0,0.54) 0%,rgba(163,163,163,0.09) 100%);background-position: left top;background-repeat: no-repeat;border-width: 0px 0px 0px 0px;border-color:var(--awb-color3);border-style:solid;-webkit-background-size:cover;-moz-background-size:cover;-o-background-size:cover;background-size:cover;background-attachment:fixed;\" data-bg=\"https:\/\/www.neovinum.fr\/wp-content\/uploads\/2022\/05\/vineyard-hero-background-scaled-1.jpg\" data-bg-gradient=\"linear-gradient(180deg, rgba(0,0,0,0.54) 0%,rgba(163,163,163,0.09) 100%)\" ><div class=\"fusion-builder-row fusion-row fusion-flex-align-items-center fusion-flex-justify-content-center\" style=\"max-width:1352px;margin-left: calc(-4% \/ 2 );margin-right: calc(-4% \/ 2 );\"><div class=\"fusion-layout-column fusion_builder_column fusion-builder-column-0 fusion_builder_column_2_3 2_3 fusion-flex-column fusion-flex-align-self-flex-start\"><div class=\"fusion-column-wrapper fusion-flex-justify-content-center fusion-content-layout-column\" style=\"background-position:center center;background-repeat:no-repeat;-webkit-background-size:cover;-moz-background-size:cover;-o-background-size:cover;background-size:cover;padding: 3vw 4vw 15.718800000000002px 4vw;\"><style type=\"text\/css\">@media only screen and (max-width:1250px) {.fusion-title.fusion-title-1{margin-top:10px!important; margin-right:0px!important;margin-bottom:3px!important;margin-left:0px!important;}}@media only screen and (max-width:800px) {.fusion-title.fusion-title-1{margin-top:10px!important; margin-right:0px!important;margin-bottom:10px!important; margin-left:0px!important;}}<\/style><div class=\"fusion-title title fusion-title-1 fusion-sep-none fusion-title-center fusion-title-text fusion-title-size-four\" style=\"font-size:100px;margin-top:10px;margin-right:0px;margin-bottom:3px;margin-left:0px;\"><h4 class=\"title-heading-center\" style=\"margin:0;font-size:1em;text-transform:none;color:var(--awb-color1);line-height:0.8em;\">Events &amp; Booking<\/h4><\/div><div class=\"fusion-text fusion-text-1\" style=\"text-align:center;font-size:20px;text-transform:none;color:#ffffff;\"><p>inscrivez-vous en quelques clics \u00e0 nos activit\u00e9s<\/p>\n<\/div><\/div><style type=\"text\/css\">.fusion-body .fusion-builder-column-0{width:66.666666666667% !important;margin-top : 0px;margin-bottom : 89px;}.fusion-builder-column-0 > .fusion-column-wrapper {padding-top : 3vw !important;padding-right : 4vw !important;margin-right : 2.88%;padding-bottom : 15.718800000000002px !important;padding-left : 4vw !important;margin-left : 2.88%;}@media only screen and (max-width:1250px) {.fusion-body .fusion-builder-column-0{width:50% !important;order : 0;}.fusion-builder-column-0 > .fusion-column-wrapper {margin-right : 3.84%;margin-left : 3.84%;}}@media only screen and (max-width:800px) {.fusion-body .fusion-builder-column-0{width:100% !important;order : 0;}.fusion-builder-column-0 > .fusion-column-wrapper {margin-right : 1.92%;margin-left : 1.92%;}}<\/style><\/div><\/div><style type=\"text\/css\">.fusion-body .fusion-flex-container.fusion-builder-row-1{ padding-top : 115px;margin-top : 0px;padding-right : 0px;padding-bottom : 23px;margin-bottom : 0px;padding-left : 0px;}<\/style><\/div><div id=\"neovinum\"><div class=\"fusion-fullwidth fullwidth-box fusion-builder-row-2 fusion-flex-container nonhundred-percent-fullwidth non-hundred-percent-height-scrolling\" style=\"background-color: var(--awb-color1);background-position: center center;background-repeat: no-repeat;border-width: 0px 0px 0px 0px;border-color:var(--awb-color3);border-style:solid;\" ><div class=\"fusion-builder-row fusion-row fusion-flex-align-items-flex-start\" style=\"max-width:1352px;margin-left: calc(-4% \/ 2 );margin-right: calc(-4% \/ 2 );\"><div class=\"fusion-layout-column fusion_builder_column fusion-builder-column-1 fusion_builder_column_1_1 1_1 fusion-flex-column\"><div class=\"fusion-column-wrapper fusion-flex-justify-content-flex-start fusion-content-layout-column\" style=\"background-position:left top;background-repeat:no-repeat;-webkit-background-size:cover;-moz-background-size:cover;-o-background-size:cover;background-size:cover;padding: 0px 0px 0px 0px;\"><style type=\"text\/css\">@media only screen and (max-width:1250px) {.fusion-title.fusion-title-2{margin-top:10px!important; margin-right:0px!important;margin-bottom:0px!important;margin-left:0px!important;}}@media only screen and (max-width:800px) {.fusion-title.fusion-title-2{margin-top:10px!important; margin-right:0px!important;margin-bottom:10px!important; margin-left:0px!important;}}<\/style><div class=\"fusion-title title fusion-title-2 fusion-sep-none fusion-title-center fusion-title-text fusion-title-size-two\" style=\"font-size:30px;margin-top:10px;margin-right:0px;margin-bottom:0px;margin-left:0px;\"><h2 class=\"title-heading-center\" style=\"margin:0;font-size:1em;text-transform:uppercase;\">les rendez-vous N\u00e9ovinum<\/h2><\/div><div class=\"fusion-text fusion-text-2\"><div class=\"easyloisirs_module\" data-hash=\"5a35b8e4affd6801b09ff6e72694737601fc148a\"><\/div>\n<\/div><\/div><style type=\"text\/css\">.fusion-body .fusion-builder-column-1{width:100% !important;margin-top : 0px;margin-bottom : 20px;}.fusion-builder-column-1 > .fusion-column-wrapper {padding-top : 0px !important;padding-right : 0px !important;margin-right : 1.92%;padding-bottom : 0px !important;padding-left : 0px !important;margin-left : 1.92%;}@media only screen and (max-width:1250px) {.fusion-body .fusion-builder-column-1{width:100% !important;order : 0;}.fusion-builder-column-1 > .fusion-column-wrapper {margin-right : 1.92%;margin-left : 1.92%;}}@media only screen and (max-width:800px) {.fusion-body .fusion-builder-column-1{width:100% !important;order : 0;}.fusion-builder-column-1 > .fusion-column-wrapper {margin-right : 1.92%;margin-left : 1.92%;}}<\/style><\/div><\/div><style type=\"text\/css\">.fusion-body .fusion-flex-container.fusion-builder-row-2{ padding-top : 0px;margin-top : 0px;padding-right : 0px;padding-bottom : 0px;margin-bottom : 0px;padding-left : 0px;}<\/style><\/div><\/div><div id=\"terranoe\"><div class=\"fusion-fullwidth fullwidth-box fusion-builder-row-3 fusion-flex-container nonhundred-percent-fullwidth non-hundred-percent-height-scrolling\" style=\"background-color: var(--awb-color1);background-position: center center;background-repeat: no-repeat;border-width: 0px 0px 0px 0px;border-color:var(--awb-color3);border-style:solid;\" ><div class=\"fusion-builder-row fusion-row fusion-flex-align-items-flex-start\" style=\"max-width:1352px;margin-left: calc(-4% \/ 2 );margin-right: calc(-4% \/ 2 );\"><div class=\"fusion-layout-column fusion_builder_column fusion-builder-column-2 fusion_builder_column_1_1 1_1 fusion-flex-column\"><div class=\"fusion-column-wrapper fusion-flex-justify-content-flex-start fusion-content-layout-column\" style=\"background-position:left top;background-repeat:no-repeat;-webkit-background-size:cover;-moz-background-size:cover;-o-background-size:cover;background-size:cover;padding: 0px 0px 0px 0px;\"><div class=\"fusion-text fusion-text-3\"><div class=\"easyloisirs_module\" data-hash=\"5a35b8e4affd6801b09ff6e72694737601fc148a\"><\/div>\n<\/div><style type=\"text\/css\">@media only screen and (max-width:1250px) {.fusion-title.fusion-title-3{margin-top:10px!important; margin-right:0px!important;margin-bottom:0px!important;margin-left:0px!important;}}@media only screen and (max-width:800px) {.fusion-title.fusion-title-3{margin-top:10px!important; margin-right:0px!important;margin-bottom:10px!important; margin-left:0px!important;}}<\/style><div class=\"fusion-title title fusion-title-3 fusion-sep-none fusion-title-center fusion-title-text fusion-title-size-two\" style=\"font-size:30px;margin-top:10px;margin-right:0px;margin-bottom:0px;margin-left:0px;\"><h2 class=\"title-heading-center\" style=\"margin:0;font-size:1em;text-transform:uppercase;\">les rendez-vous Terra No\u00e9<\/h2><\/div><div class=\"fusion-text fusion-text-4\"><div class=\"easyloisirs_module\" data-hash=\"71d7455d49f41de8b73fd22446b2b9c873cf5c8d\"><\/div>\n<\/div><\/div><style type=\"text\/css\">.fusion-body .fusion-builder-column-2{width:100% !important;margin-top : 0px;margin-bottom : 20px;}.fusion-builder-column-2 > .fusion-column-wrapper {padding-top : 0px !important;padding-right : 0px !important;margin-right : 1.92%;padding-bottom : 0px !important;padding-left : 0px !important;margin-left : 1.92%;}@media only screen and (max-width:1250px) {.fusion-body .fusion-builder-column-2{width:100% !important;order : 0;}.fusion-builder-column-2 > .fusion-column-wrapper {margin-right : 1.92%;margin-left : 1.92%;}}@media only screen and (max-width:800px) {.fusion-body .fusion-builder-column-2{width:100% !important;order : 0;}.fusion-builder-column-2 > .fusion-column-wrapper {margin-right : 1.92%;margin-left : 1.92%;}}<\/style><\/div><\/div><style type=\"text\/css\">.fusion-body .fusion-flex-container.fusion-builder-row-3{ padding-top : 0px;margin-top : 0px;padding-right : 0px;padding-bottom : 0px;margin-bottom : 0px;padding-left : 0px;}<\/style><\/div><\/div><\/p>\n","protected":false},"excerpt":{"rendered":"","protected":false},"author":1,"featured_media":0,"parent":3249,"menu_order":0,"comment_status":"closed","ping_status":"closed","template":"100-width.php","meta":{"footnotes":""},"class_list":["post-3240","page","type-page","status-publish","hentry"],"yoast_head":"<!-- This site is optimized with the Yoast SEO plugin v18.9 - https:\/\/yoast.com\/wordpress\/plugins\/seo\/ -->\n<title>Events &amp; Booking - N\u00e9ovinum<\/title>\n<meta name=\"description\" content=\"D\u00e9couvrez Neovinum : espace de d\u00e9couverte oenologique des vignerons ard\u00e9chois. Un lieu de rencontres, de d\u00e9couvertes et d&#039;\u00e9v\u00e9nements. %\" \/>\n<meta name=\"robots\" content=\"index, follow, max-snippet:-1, max-image-preview:large, max-video-preview:-1\" \/>\n<link rel=\"canonical\" href=\"https:\/\/www.neovinum.fr\/neovinum-2\/agenda-et-reservations\/\" \/>\n<meta property=\"og:locale\" content=\"en_US\" \/>\n<meta property=\"og:type\" content=\"article\" \/>\n<meta property=\"og:title\" content=\"Events &amp; Booking - N\u00e9ovinum\" \/>\n<meta property=\"og:description\" content=\"D\u00e9couvrez Neovinum : espace de d\u00e9couverte oenologique des vignerons ard\u00e9chois. Un lieu de rencontres, de d\u00e9couvertes et d&#039;\u00e9v\u00e9nements. %\" \/>\n<meta property=\"og:url\" content=\"https:\/\/www.neovinum.fr\/neovinum-2\/agenda-et-reservations\/\" \/>\n<meta property=\"og:site_name\" content=\"N\u00e9ovinum\" \/>\n<meta property=\"article:publisher\" content=\"https:\/\/www.facebook.com\/neovinum\" \/>\n<meta property=\"article:modified_time\" content=\"2022-11-06T20:09:00+00:00\" \/>\n<meta name=\"twitter:card\" content=\"summary_large_image\" \/>\n<meta name=\"twitter:label1\" content=\"Est. reading time\" \/>\n\t<meta name=\"twitter:data1\" content=\"7 minutes\" \/>\n<script type=\"application\/ld+json\" class=\"yoast-schema-graph\">{\"@context\":\"https:\/\/schema.org\",\"@graph\":[{\"@type\":\"Organization\",\"@id\":\"https:\/\/www.neovinum.fr\/#organization\",\"name\":\"Neovinum\",\"url\":\"https:\/\/www.neovinum.fr\/\",\"sameAs\":[\"https:\/\/www.facebook.com\/neovinum\"],\"logo\":{\"@type\":\"ImageObject\",\"inLanguage\":\"en-US\",\"@id\":\"https:\/\/www.neovinum.fr\/#\/schema\/logo\/image\/\",\"url\":\"https:\/\/www.neovinum.fr\/wp-content\/uploads\/2022\/06\/logo-modifie-v2-300px.png\",\"contentUrl\":\"https:\/\/www.neovinum.fr\/wp-content\/uploads\/2022\/06\/logo-modifie-v2-300px.png\",\"width\":300,\"height\":170,\"caption\":\"Neovinum\"},\"image\":{\"@id\":\"https:\/\/www.neovinum.fr\/#\/schema\/logo\/image\/\"}},{\"@type\":\"WebSite\",\"@id\":\"https:\/\/www.neovinum.fr\/#website\",\"url\":\"https:\/\/www.neovinum.fr\/\",\"name\":\"N\u00e9ovinum\",\"description\":\"Espace de d\u00e9couverte oenologique\",\"publisher\":{\"@id\":\"https:\/\/www.neovinum.fr\/#organization\"},\"potentialAction\":[{\"@type\":\"SearchAction\",\"target\":{\"@type\":\"EntryPoint\",\"urlTemplate\":\"https:\/\/www.neovinum.fr\/?s={search_term_string}\"},\"query-input\":\"required name=search_term_string\"}],\"inLanguage\":\"en-US\"},{\"@type\":\"WebPage\",\"@id\":\"https:\/\/www.neovinum.fr\/neovinum-2\/agenda-et-reservations\/#webpage\",\"url\":\"https:\/\/www.neovinum.fr\/neovinum-2\/agenda-et-reservations\/\",\"name\":\"Events & Booking - N\u00e9ovinum\",\"isPartOf\":{\"@id\":\"https:\/\/www.neovinum.fr\/#website\"},\"datePublished\":\"2022-06-24T12:44:26+00:00\",\"dateModified\":\"2022-11-06T20:09:00+00:00\",\"description\":\"D\u00e9couvrez Neovinum : espace de d\u00e9couverte oenologique des vignerons ard\u00e9chois. Un lieu de rencontres, de d\u00e9couvertes et d'\u00e9v\u00e9nements. %\",\"breadcrumb\":{\"@id\":\"https:\/\/www.neovinum.fr\/neovinum-2\/agenda-et-reservations\/#breadcrumb\"},\"inLanguage\":\"en-US\",\"potentialAction\":[{\"@type\":\"ReadAction\",\"target\":[\"https:\/\/www.neovinum.fr\/neovinum-2\/agenda-et-reservations\/\"]}]},{\"@type\":\"BreadcrumbList\",\"@id\":\"https:\/\/www.neovinum.fr\/neovinum-2\/agenda-et-reservations\/#breadcrumb\",\"itemListElement\":[{\"@type\":\"ListItem\",\"position\":1,\"name\":\"Accueil\",\"item\":\"https:\/\/www.neovinum.fr\/\"},{\"@type\":\"ListItem\",\"position\":2,\"name\":\"N\u00e9ovinum\",\"item\":\"https:\/\/www.neovinum.fr\/\"},{\"@type\":\"ListItem\",\"position\":3,\"name\":\"Events &#038; Booking\"}]}]}<\/script>\n<!-- \/ Yoast SEO plugin. -->","yoast_head_json":{"title":"Events & Booking - N\u00e9ovinum","description":"D\u00e9couvrez Neovinum : espace de d\u00e9couverte oenologique des vignerons ard\u00e9chois. Un lieu de rencontres, de d\u00e9couvertes et d'\u00e9v\u00e9nements. %","robots":{"index":"index","follow":"follow","max-snippet":"max-snippet:-1","max-image-preview":"max-image-preview:large","max-video-preview":"max-video-preview:-1"},"canonical":"https:\/\/www.neovinum.fr\/neovinum-2\/agenda-et-reservations\/","og_locale":"en_US","og_type":"article","og_title":"Events & Booking - N\u00e9ovinum","og_description":"D\u00e9couvrez Neovinum : espace de d\u00e9couverte oenologique des vignerons ard\u00e9chois. Un lieu de rencontres, de d\u00e9couvertes et d'\u00e9v\u00e9nements. %","og_url":"https:\/\/www.neovinum.fr\/neovinum-2\/agenda-et-reservations\/","og_site_name":"N\u00e9ovinum","article_publisher":"https:\/\/www.facebook.com\/neovinum","article_modified_time":"2022-11-06T20:09:00+00:00","twitter_card":"summary_large_image","twitter_misc":{"Est. reading time":"7 minutes"},"schema":{"@context":"https:\/\/schema.org","@graph":[{"@type":"Organization","@id":"https:\/\/www.neovinum.fr\/#organization","name":"Neovinum","url":"https:\/\/www.neovinum.fr\/","sameAs":["https:\/\/www.facebook.com\/neovinum"],"logo":{"@type":"ImageObject","inLanguage":"en-US","@id":"https:\/\/www.neovinum.fr\/#\/schema\/logo\/image\/","url":"https:\/\/www.neovinum.fr\/wp-content\/uploads\/2022\/06\/logo-modifie-v2-300px.png","contentUrl":"https:\/\/www.neovinum.fr\/wp-content\/uploads\/2022\/06\/logo-modifie-v2-300px.png","width":300,"height":170,"caption":"Neovinum"},"image":{"@id":"https:\/\/www.neovinum.fr\/#\/schema\/logo\/image\/"}},{"@type":"WebSite","@id":"https:\/\/www.neovinum.fr\/#website","url":"https:\/\/www.neovinum.fr\/","name":"N\u00e9ovinum","description":"Espace de d\u00e9couverte oenologique","publisher":{"@id":"https:\/\/www.neovinum.fr\/#organization"},"potentialAction":[{"@type":"SearchAction","target":{"@type":"EntryPoint","urlTemplate":"https:\/\/www.neovinum.fr\/?s={search_term_string}"},"query-input":"required name=search_term_string"}],"inLanguage":"en-US"},{"@type":"WebPage","@id":"https:\/\/www.neovinum.fr\/neovinum-2\/agenda-et-reservations\/#webpage","url":"https:\/\/www.neovinum.fr\/neovinum-2\/agenda-et-reservations\/","name":"Events & Booking - N\u00e9ovinum","isPartOf":{"@id":"https:\/\/www.neovinum.fr\/#website"},"datePublished":"2022-06-24T12:44:26+00:00","dateModified":"2022-11-06T20:09:00+00:00","description":"D\u00e9couvrez Neovinum : espace de d\u00e9couverte oenologique des vignerons ard\u00e9chois. Un lieu de rencontres, de d\u00e9couvertes et d'\u00e9v\u00e9nements. %","breadcrumb":{"@id":"https:\/\/www.neovinum.fr\/neovinum-2\/agenda-et-reservations\/#breadcrumb"},"inLanguage":"en-US","potentialAction":[{"@type":"ReadAction","target":["https:\/\/www.neovinum.fr\/neovinum-2\/agenda-et-reservations\/"]}]},{"@type":"BreadcrumbList","@id":"https:\/\/www.neovinum.fr\/neovinum-2\/agenda-et-reservations\/#breadcrumb","itemListElement":[{"@type":"ListItem","position":1,"name":"Accueil","item":"https:\/\/www.neovinum.fr\/"},{"@type":"ListItem","position":2,"name":"N\u00e9ovinum","item":"https:\/\/www.neovinum.fr\/"},{"@type":"ListItem","position":3,"name":"Events &#038; Booking"}]}]}},"_links":{"self":[{"href":"https:\/\/www.neovinum.fr\/en\/wp-json\/wp\/v2\/pages\/3240","targetHints":{"allow":["GET"]}}],"collection":[{"href":"https:\/\/www.neovinum.fr\/en\/wp-json\/wp\/v2\/pages"}],"about":[{"href":"https:\/\/www.neovinum.fr\/en\/wp-json\/wp\/v2\/types\/page"}],"author":[{"embeddable":true,"href":"https:\/\/www.neovinum.fr\/en\/wp-json\/wp\/v2\/users\/1"}],"replies":[{"embeddable":true,"href":"https:\/\/www.neovinum.fr\/en\/wp-json\/wp\/v2\/comments?post=3240"}],"version-history":[{"count":4,"href":"https:\/\/www.neovinum.fr\/en\/wp-json\/wp\/v2\/pages\/3240\/revisions"}],"predecessor-version":[{"id":3293,"href":"https:\/\/www.neovinum.fr\/en\/wp-json\/wp\/v2\/pages\/3240\/revisions\/3293"}],"up":[{"embeddable":true,"href":"https:\/\/www.neovinum.fr\/en\/wp-json\/wp\/v2\/pages\/3249"}],"wp:attachment":[{"href":"https:\/\/www.neovinum.fr\/en\/wp-json\/wp\/v2\/media?parent=3240"}],"curies":[{"name":"wp","href":"https:\/\/api.w.org\/{rel}","templated":true}]}}